{"id":44,"date":"2018-07-10T15:51:52","date_gmt":"2018-07-10T15:51:52","guid":{"rendered":"http:\/\/www.nicetaxi.fi\/?page_id=44"},"modified":"2018-07-10T17:36:57","modified_gmt":"2018-07-10T17:36:57","slug":"toiminta-alue","status":"publish","type":"page","link":"https:\/\/www.nicetaxi.fi\/?page_id=44","title":{"rendered":"Toiminta-alue"},"content":{"rendered":"<p>Toimimme p\u00e4\u00e4s\u00e4\u00e4nt\u00f6isesti Keski-Uudellamaalla ja p\u00e4\u00e4kaupunkiseudulla.<br \/>\nTarvittaessa palvelemme my\u00f6s muualla Uudellamaalla ja koko Suomessa.<\/p>\n","protected":false},"excerpt":{"rendered":"<p>Toimimme p\u00e4\u00e4s\u00e4\u00e4nt\u00f6isesti Keski-Uudellamaalla ja p\u00e4\u00e4kaupunkiseudulla. Tarvittaessa palvelemme my\u00f6s muualla Uudellamaalla ja koko Suomessa.<\/p>\n","protected":false},"author":1,"featured_media":0,"parent":0,"menu_order":0,"comment_status":"closed","ping_status":"closed","template":"","meta":[],"_links":{"self":[{"href":"https:\/\/www.nicetaxi.fi\/index.php?rest_route=\/wp\/v2\/pages\/44"}],"collection":[{"href":"https:\/\/www.nicetaxi.fi\/index.php?rest_route=\/wp\/v2\/pages"}],"about":[{"href":"https:\/\/www.nicetaxi.fi\/index.php?rest_route=\/wp\/v2\/types\/page"}],"author":[{"embeddable":true,"href":"https:\/\/www.nicetaxi.fi\/index.php?rest_route=\/wp\/v2\/users\/1"}],"replies":[{"embeddable":true,"href":"https:\/\/www.nicetaxi.fi\/index.php?rest_route=%2Fwp%2Fv2%2Fcomments&post=44"}],"version-history":[{"count":2,"href":"https:\/\/www.nicetaxi.fi\/index.php?rest_route=\/wp\/v2\/pages\/44\/revisions"}],"predecessor-version":[{"id":71,"href":"https:\/\/www.nicetaxi.fi\/index.php?rest_route=\/wp\/v2\/pages\/44\/revisions\/71"}],"wp:attachment":[{"href":"https:\/\/www.nicetaxi.fi\/index.php?rest_route=%2Fwp%2Fv2%2Fmedia&parent=44"}],"curies":[{"name":"wp","href":"https:\/\/api.w.org\/{rel}","templated":true}]}}