{"id":32,"date":"2018-07-10T15:47:24","date_gmt":"2018-07-10T15:47:24","guid":{"rendered":"http:\/\/www.nicetaxi.fi\/?page_id=32"},"modified":"2022-03-25T17:41:31","modified_gmt":"2022-03-25T17:41:31","slug":"hinnasto","status":"publish","type":"page","link":"https:\/\/www.nicetaxi.fi\/?page_id=32","title":{"rendered":"Hinnasto"},"content":{"rendered":"<p>Olemme sopimussuhteessa L\u00e4hitaksin kanssa, joten noudatamme sen <a href=\"https:\/\/www.lahitaksi.fi\/fi\/hinnasto\" target=\"_blank\" rel=\"noopener noreferrer\">kuluttajahintoja<\/a><br \/>\nmy\u00f6s silloin, kun tulette kyytiin tolpalta tai &#8221;lennosta&#8221;.<\/p>\n<p>Hoidamme j\u00e4lleen Kelan korvaamia kyytej\u00e4 1.1.2022 alkaen. Kuljetusten v\u00e4lityksest\u00e4 vastaa<br \/>\nSuomen L\u00e4hilogistiikka Oy, joka on kokonaan L\u00e4hitaksin omistama yhti\u00f6.<\/p>\n<p>Maksuton tilausnumero Uudellamaalla on 0800 05150. Autoilija tilaa vakiotaksioikeuden omaavan<br \/>\nasiakkaan tilaukset. Uutena piirteen\u00e4 asiakkailla on toivoa tietty\u00e4 autoa tarvitsemalleen kuljetukselle.<br \/>\nSilloin kyydeist\u00e4 sovitaan autoilijan kanssa etuk\u00e4teen ja tilausta tehdess\u00e4 ilmoitetaan &#8221;Parastaksi&#8221; toiveesta,<br \/>\njolloin pit\u00e4\u00e4 ilmoittaa auton numero ja yritt\u00e4j\u00e4n nimi.<\/p>\n<p>Muut sopimusajot hinnoitellaan erikseen.<\/p>\n","protected":false},"excerpt":{"rendered":"<p>Olemme sopimussuhteessa L\u00e4hitaksin kanssa, joten noudatamme sen kuluttajahintoja my\u00f6s silloin, kun tulette kyytiin tolpalta tai &#8221;lennosta&#8221;. Hoidamme j\u00e4lleen Kelan korvaamia kyytej\u00e4 1.1.2022 alkaen. Kuljetusten v\u00e4lityksest\u00e4&hellip;<\/p>\n","protected":false},"author":1,"featured_media":0,"parent":0,"menu_order":0,"comment_status":"closed","ping_status":"closed","template":"","meta":[],"_links":{"self":[{"href":"https:\/\/www.nicetaxi.fi\/index.php?rest_route=\/wp\/v2\/pages\/32"}],"collection":[{"href":"https:\/\/www.nicetaxi.fi\/index.php?rest_route=\/wp\/v2\/pages"}],"about":[{"href":"https:\/\/www.nicetaxi.fi\/index.php?rest_route=\/wp\/v2\/types\/page"}],"author":[{"embeddable":true,"href":"https:\/\/www.nicetaxi.fi\/index.php?rest_route=\/wp\/v2\/users\/1"}],"replies":[{"embeddable":true,"href":"https:\/\/www.nicetaxi.fi\/index.php?rest_route=%2Fwp%2Fv2%2Fcomments&post=32"}],"version-history":[{"count":6,"href":"https:\/\/www.nicetaxi.fi\/index.php?rest_route=\/wp\/v2\/pages\/32\/revisions"}],"predecessor-version":[{"id":85,"href":"https:\/\/www.nicetaxi.fi\/index.php?rest_route=\/wp\/v2\/pages\/32\/revisions\/85"}],"wp:attachment":[{"href":"https:\/\/www.nicetaxi.fi\/index.php?rest_route=%2Fwp%2Fv2%2Fmedia&parent=32"}],"curies":[{"name":"wp","href":"https:\/\/api.w.org\/{rel}","templated":true}]}}