{"id":14,"date":"2018-07-10T15:56:43","date_gmt":"2018-07-10T15:56:43","guid":{"rendered":"http:\/\/www.nicetaxi.fi\/?page_id=14"},"modified":"2018-07-10T18:16:07","modified_gmt":"2018-07-10T18:16:07","slug":"etusivu","status":"publish","type":"page","link":"https:\/\/www.nicetaxi.fi\/","title":{"rendered":"Etusivu"},"content":{"rendered":"<p style=\"text-align: center;\">Turvallisuus ja t\u00e4sm\u00e4llisyys sek\u00e4 asiakkaan yksil\u00f6llisen avuntarpeen huomioiminen ovat avainasemassa kaikessa toiminnassamme.<\/p>\n<p style=\"text-align: center;\"><a href=\"http:\/\/www.nicetaxi.fi\/wp-content\/uploads\/2018\/07\/nicetaxi.jpg\"><img loading=\"lazy\" class=\"size-medium wp-image-23 aligncenter\" src=\"http:\/\/www.nicetaxi.fi\/wp-content\/uploads\/2018\/07\/nicetaxi-300x216.jpg\" alt=\"\" width=\"300\" height=\"216\" srcset=\"https:\/\/www.nicetaxi.fi\/wp-content\/uploads\/2018\/07\/nicetaxi-300x216.jpg 300w, https:\/\/www.nicetaxi.fi\/wp-content\/uploads\/2018\/07\/nicetaxi-768x553.jpg 768w, https:\/\/www.nicetaxi.fi\/wp-content\/uploads\/2018\/07\/nicetaxi-1024x738.jpg 1024w, https:\/\/www.nicetaxi.fi\/wp-content\/uploads\/2018\/07\/nicetaxi.jpg 1470w\" sizes=\"(max-width: 300px) 100vw, 300px\" \/><\/a><\/p>\n<p style=\"text-align: center;\">NiceTaxi Tmi, Y-tunnus 231 2895-5, Autoilija Ulla Ravander<\/p>\n<p style=\"text-align: center;\">\n","protected":false},"excerpt":{"rendered":"<p>Turvallisuus ja t\u00e4sm\u00e4llisyys sek\u00e4 asiakkaan yksil\u00f6llisen avuntarpeen huomioiminen ovat avainasemassa kaikessa toiminnassamme. NiceTaxi Tmi, Y-tunnus 231 2895-5, Autoilija Ulla Ravander<\/p>\n","protected":false},"author":1,"featured_media":0,"parent":0,"menu_order":0,"comment_status":"closed","ping_status":"closed","template":"","meta":[],"_links":{"self":[{"href":"https:\/\/www.nicetaxi.fi\/index.php?rest_route=\/wp\/v2\/pages\/14"}],"collection":[{"href":"https:\/\/www.nicetaxi.fi\/index.php?rest_route=\/wp\/v2\/pages"}],"about":[{"href":"https:\/\/www.nicetaxi.fi\/index.php?rest_route=\/wp\/v2\/types\/page"}],"author":[{"embeddable":true,"href":"https:\/\/www.nicetaxi.fi\/index.php?rest_route=\/wp\/v2\/users\/1"}],"replies":[{"embeddable":true,"href":"https:\/\/www.nicetaxi.fi\/index.php?rest_route=%2Fwp%2Fv2%2Fcomments&post=14"}],"version-history":[{"count":4,"href":"https:\/\/www.nicetaxi.fi\/index.php?rest_route=\/wp\/v2\/pages\/14\/revisions"}],"predecessor-version":[{"id":76,"href":"https:\/\/www.nicetaxi.fi\/index.php?rest_route=\/wp\/v2\/pages\/14\/revisions\/76"}],"wp:attachment":[{"href":"https:\/\/www.nicetaxi.fi\/index.php?rest_route=%2Fwp%2Fv2%2Fmedia&parent=14"}],"curies":[{"name":"wp","href":"https:\/\/api.w.org\/{rel}","templated":true}]}}